{"id":1200,"date":"2020-02-11T17:11:05","date_gmt":"2020-02-11T16:11:05","guid":{"rendered":"https:\/\/iturzaeta.eus\/deporte-escolar\/"},"modified":"2025-09-10T19:19:25","modified_gmt":"2025-09-10T17:19:25","slug":"deporte-escolar","status":"publish","type":"page","link":"https:\/\/iturzaeta.eus\/es\/deporte-escolar\/","title":{"rendered":"Deporte Escolar"},"content":{"rendered":"<p>[et_pb_section fb_built=\u00bb1&#8243; _builder_version=\u00bb4.16&#8243; global_colors_info=\u00bb{}\u00bb][et_pb_row _builder_version=\u00bb4.16&#8243; global_colors_info=\u00bb{}\u00bb][et_pb_column type=\u00bb4_4&#8243; _builder_version=\u00bb4.16&#8243; custom_padding=\u00bb|||\u00bb global_colors_info=\u00bb{}\u00bb custom_padding__hover=\u00bb|||\u00bb][et_pb_text _builder_version=\u00bb4.16&#8243; z_index_tablet=\u00bb500&#8243; text_text_shadow_horizontal_length_tablet=\u00bb0px\u00bb text_text_shadow_vertical_length_tablet=\u00bb0px\u00bb text_text_shadow_blur_strength_tablet=\u00bb1px\u00bb link_text_shadow_horizontal_length_tablet=\u00bb0px\u00bb link_text_shadow_vertical_length_tablet=\u00bb0px\u00bb link_text_shadow_blur_strength_tablet=\u00bb1px\u00bb ul_text_shadow_horizontal_length_tablet=\u00bb0px\u00bb ul_text_shadow_vertical_length_tablet=\u00bb0px\u00bb ul_text_shadow_blur_strength_tablet=\u00bb1px\u00bb ol_text_shadow_horizontal_length_tablet=\u00bb0px\u00bb ol_text_shadow_vertical_length_tablet=\u00bb0px\u00bb ol_text_shadow_blur_strength_tablet=\u00bb1px\u00bb quote_text_shadow_horizontal_length_tablet=\u00bb0px\u00bb quote_text_shadow_vertical_length_tablet=\u00bb0px\u00bb quote_text_shadow_blur_strength_tablet=\u00bb1px\u00bb header_text_shadow_horizontal_length_tablet=\u00bb0px\u00bb header_text_shadow_vertical_length_tablet=\u00bb0px\u00bb header_text_shadow_blur_strength_tablet=\u00bb1px\u00bb header_2_text_shadow_horizontal_length_tablet=\u00bb0px\u00bb header_2_text_shadow_vertical_length_tablet=\u00bb0px\u00bb header_2_text_shadow_blur_strength_tablet=\u00bb1px\u00bb header_3_text_shadow_horizontal_length_tablet=\u00bb0px\u00bb header_3_text_shadow_vertical_length_tablet=\u00bb0px\u00bb header_3_text_shadow_blur_strength_tablet=\u00bb1px\u00bb header_4_text_shadow_horizontal_length_tablet=\u00bb0px\u00bb header_4_text_shadow_vertical_length_tablet=\u00bb0px\u00bb header_4_text_shadow_blur_strength_tablet=\u00bb1px\u00bb header_5_text_shadow_horizontal_length_tablet=\u00bb0px\u00bb header_5_text_shadow_vertical_length_tablet=\u00bb0px\u00bb header_5_text_shadow_blur_strength_tablet=\u00bb1px\u00bb header_6_text_shadow_horizontal_length_tablet=\u00bb0px\u00bb header_6_text_shadow_vertical_length_tablet=\u00bb0px\u00bb header_6_text_shadow_blur_strength_tablet=\u00bb1px\u00bb box_shadow_horizontal_tablet=\u00bb0px\u00bb box_shadow_vertical_tablet=\u00bb0px\u00bb box_shadow_blur_tablet=\u00bb40px\u00bb box_shadow_spread_tablet=\u00bb0px\u00bb global_colors_info=\u00bb{}\u00bb]<\/p>\n<p><span style=\"font-weight: 400\">En Iturzaeta Herri Eskola ofrecemos al alumnado la posibilidad de probar diferentes actividades deportivas. Con ello se trabajan valores y actitudes como la competitividad, el individualismo, la exclusi\u00f3n o la lucha contra la violencia. As\u00ed pues, ofreciendo diferentes actividades deportivas, queremos potenciar las relaciones entre los ni\u00f1os y ni\u00f1as. Por otro lado, se pretende concienciar sobre la importancia del deporte para una vida saludable y fomentar h\u00e1bitos saludables.<\/span><\/p>\n<p>[\/et_pb_text][\/et_pb_column][\/et_pb_row][et_pb_row _builder_version=\u00bb4.16&#8243; custom_margin=\u00bb2%||2%|\u00bb z_index_tablet=\u00bb500&#8243; border_width_top=\u00bb1px\u00bb border_color_top=\u00bb#00b3ab\u00bb border_width_bottom=\u00bb1px\u00bb border_color_bottom=\u00bb#00b3ab\u00bb border_width_top_tablet=\u00bb1px\u00bb border_width_top_phone=\u00bb1px\u00bb border_width_bottom_tablet=\u00bb1px\u00bb border_width_bottom_phone=\u00bb1px\u00bb box_shadow_horizontal_tablet=\u00bb0px\u00bb box_shadow_vertical_tablet=\u00bb0px\u00bb box_shadow_blur_tablet=\u00bb40px\u00bb box_shadow_spread_tablet=\u00bb0px\u00bb global_colors_info=\u00bb{}\u00bb column_structure=\u00bb1_3,1_3,1_3&#8243;][et_pb_column type=\u00bb1_3&#8243; _builder_version=\u00bb4.16&#8243; custom_padding=\u00bb|||\u00bb global_colors_info=\u00bb{}\u00bb custom_padding__hover=\u00bb|||\u00bb][et_pb_image src=\u00bbhttps:\/\/iturzaeta.eus\/wp-content\/uploads\/2020\/01\/EK_DSC_0086.jpg\u00bb show_in_lightbox=\u00bbon\u00bb module_class=\u00bbmarkoa\u00bb _builder_version=\u00bb4.16&#8243; z_index_tablet=\u00bb500&#8243; border_width_all=\u00bb1px\u00bb border_color_all=\u00bb#ff5d60&#8243; box_shadow_horizontal_tablet=\u00bb0px\u00bb box_shadow_vertical_tablet=\u00bb0px\u00bb box_shadow_blur_tablet=\u00bb40px\u00bb box_shadow_spread_tablet=\u00bb0px\u00bb global_colors_info=\u00bb{}\u00bb][\/et_pb_image][et_pb_image src=\u00bbhttps:\/\/iturzaeta.eus\/wp-content\/uploads\/2020\/01\/EK_IMG_1651.jpg\u00bb show_in_lightbox=\u00bbon\u00bb module_class=\u00bbmarkoa\u00bb _builder_version=\u00bb4.16&#8243; z_index_tablet=\u00bb500&#8243; border_width_all=\u00bb1px\u00bb border_color_all=\u00bb#ff5d60&#8243; box_shadow_horizontal_tablet=\u00bb0px\u00bb box_shadow_vertical_tablet=\u00bb0px\u00bb box_shadow_blur_tablet=\u00bb40px\u00bb box_shadow_spread_tablet=\u00bb0px\u00bb global_colors_info=\u00bb{}\u00bb][\/et_pb_image][\/et_pb_column][et_pb_column type=\u00bb1_3&#8243; _builder_version=\u00bb4.16&#8243; custom_padding=\u00bb|||\u00bb global_colors_info=\u00bb{}\u00bb custom_padding__hover=\u00bb|||\u00bb][et_pb_button button_url=\u00bbhttps:\/\/ukeskolakirola.eus\/\u00bb button_text=\u00bbEspacio web deportes\u00bb button_alignment=\u00bbcenter\u00bb _builder_version=\u00bb4.27.4&#8243; custom_button=\u00bbon\u00bb button_text_color=\u00bb#ff5d60&#8243; custom_margin=\u00bb25%|||\u00bb hover_enabled=\u00bb0&#8243; z_index_tablet=\u00bb500&#8243; button_text_shadow_horizontal_length_tablet=\u00bb0px\u00bb button_text_shadow_vertical_length_tablet=\u00bb0px\u00bb button_text_shadow_blur_strength_tablet=\u00bb1px\u00bb box_shadow_horizontal_tablet=\u00bb0px\u00bb box_shadow_vertical_tablet=\u00bb0px\u00bb box_shadow_blur_tablet=\u00bb40px\u00bb box_shadow_spread_tablet=\u00bb0px\u00bb global_colors_info=\u00bb{}\u00bb sticky_enabled=\u00bb0&#8243;][\/et_pb_button][et_pb_image src=\u00bbhttps:\/\/iturzaeta.eus\/wp-content\/uploads\/2020\/01\/Eskola-Kirola-2.jpg\u00bb show_in_lightbox=\u00bbon\u00bb module_class=\u00bbmarkoa\u00bb _builder_version=\u00bb4.16&#8243; z_index_tablet=\u00bb500&#8243; border_width_all=\u00bb1px\u00bb border_color_all=\u00bb#ff5d60&#8243; box_shadow_horizontal_tablet=\u00bb0px\u00bb box_shadow_vertical_tablet=\u00bb0px\u00bb box_shadow_blur_tablet=\u00bb40px\u00bb box_shadow_spread_tablet=\u00bb0px\u00bb global_colors_info=\u00bb{}\u00bb][\/et_pb_image][\/et_pb_column][et_pb_column type=\u00bb1_3&#8243; _builder_version=\u00bb4.16&#8243; custom_padding=\u00bb|||\u00bb global_colors_info=\u00bb{}\u00bb custom_padding__hover=\u00bb|||\u00bb][et_pb_image src=\u00bbhttps:\/\/iturzaeta.eus\/wp-content\/uploads\/2020\/01\/EK_DSC_0079.jpg\u00bb show_in_lightbox=\u00bbon\u00bb module_class=\u00bbmarkoa\u00bb _builder_version=\u00bb4.16&#8243; z_index_tablet=\u00bb500&#8243; border_width_all=\u00bb1px\u00bb border_color_all=\u00bb#ff5d60&#8243; box_shadow_horizontal_tablet=\u00bb0px\u00bb box_shadow_vertical_tablet=\u00bb0px\u00bb box_shadow_blur_tablet=\u00bb40px\u00bb box_shadow_spread_tablet=\u00bb0px\u00bb global_colors_info=\u00bb{}\u00bb][\/et_pb_image][et_pb_image src=\u00bbhttps:\/\/iturzaeta.eus\/wp-content\/uploads\/2020\/01\/EK_IMG_2324.jpg\u00bb show_in_lightbox=\u00bbon\u00bb module_class=\u00bbmarkoa\u00bb _builder_version=\u00bb4.16&#8243; z_index_tablet=\u00bb500&#8243; border_width_all=\u00bb1px\u00bb border_color_all=\u00bb#ff5d60&#8243; box_shadow_horizontal_tablet=\u00bb0px\u00bb box_shadow_vertical_tablet=\u00bb0px\u00bb box_shadow_blur_tablet=\u00bb40px\u00bb box_shadow_spread_tablet=\u00bb0px\u00bb global_colors_info=\u00bb{}\u00bb][\/et_pb_image][\/et_pb_column][\/et_pb_row][\/et_pb_section]<\/p>\n","protected":false},"excerpt":{"rendered":"<p>En Iturzaeta Herri Eskola ofrecemos al alumnado la posibilidad de probar diferentes actividades deportivas. Con ello se trabajan valores y actitudes como la competitividad, el individualismo, la exclusi\u00f3n o la lucha contra la violencia. As\u00ed pues, ofreciendo diferentes actividades deportivas, queremos potenciar las relaciones entre los ni\u00f1os y ni\u00f1as. Por otro lado, se pretende concienciar [&hellip;]<\/p>\n","protected":false},"author":1,"featured_media":0,"parent":0,"menu_order":0,"comment_status":"closed","ping_status":"closed","template":"","meta":{"_et_pb_use_builder":"on","_et_pb_old_content":"","_et_gb_content_width":"","ngg_post_thumbnail":0,"footnotes":""},"class_list":["post-1200","page","type-page","status-publish","hentry"],"_links":{"self":[{"href":"https:\/\/iturzaeta.eus\/es\/wp-json\/wp\/v2\/pages\/1200","targetHints":{"allow":["GET"]}}],"collection":[{"href":"https:\/\/iturzaeta.eus\/es\/wp-json\/wp\/v2\/pages"}],"about":[{"href":"https:\/\/iturzaeta.eus\/es\/wp-json\/wp\/v2\/types\/page"}],"author":[{"embeddable":true,"href":"https:\/\/iturzaeta.eus\/es\/wp-json\/wp\/v2\/users\/1"}],"replies":[{"embeddable":true,"href":"https:\/\/iturzaeta.eus\/es\/wp-json\/wp\/v2\/comments?post=1200"}],"version-history":[{"count":2,"href":"https:\/\/iturzaeta.eus\/es\/wp-json\/wp\/v2\/pages\/1200\/revisions"}],"predecessor-version":[{"id":26713,"href":"https:\/\/iturzaeta.eus\/es\/wp-json\/wp\/v2\/pages\/1200\/revisions\/26713"}],"wp:attachment":[{"href":"https:\/\/iturzaeta.eus\/es\/wp-json\/wp\/v2\/media?parent=1200"}],"curies":[{"name":"wp","href":"https:\/\/api.w.org\/{rel}","templated":true}]}}