{"id":22869,"date":"2020-02-14T17:04:40","date_gmt":"2020-02-14T16:04:40","guid":{"rendered":"https:\/\/iturzaeta.eus\/politica-de-privacidad\/"},"modified":"2020-02-14T17:39:03","modified_gmt":"2020-02-14T16:39:03","slug":"politica-de-privacidad","status":"publish","type":"page","link":"https:\/\/iturzaeta.eus\/es\/politica-de-privacidad\/","title":{"rendered":"Pol\u00edtica de privacidad"},"content":{"rendered":"<p>[et_pb_section bb_built=\u00bb1&#8243; inner_width=\u00bbauto\u00bb inner_max_width=\u00bbnone\u00bb][et_pb_row][et_pb_column type=\u00bb4_4&#8243;][et_pb_text _builder_version=\u00bb3.23.3&#8243; text_text_shadow_horizontal_length=\u00bbtext_text_shadow_style,%91object Object%93&#8243; text_text_shadow_horizontal_length_tablet=\u00bb0px\u00bb text_text_shadow_vertical_length=\u00bbtext_text_shadow_style,%91object Object%93&#8243; text_text_shadow_vertical_length_tablet=\u00bb0px\u00bb text_text_shadow_blur_strength=\u00bbtext_text_shadow_style,%91object Object%93&#8243; text_text_shadow_blur_strength_tablet=\u00bb1px\u00bb link_text_shadow_horizontal_length=\u00bblink_text_shadow_style,%91object Object%93&#8243; link_text_shadow_horizontal_length_tablet=\u00bb0px\u00bb link_text_shadow_vertical_length=\u00bblink_text_shadow_style,%91object Object%93&#8243; link_text_shadow_vertical_length_tablet=\u00bb0px\u00bb link_text_shadow_blur_strength=\u00bblink_text_shadow_style,%91object Object%93&#8243; link_text_shadow_blur_strength_tablet=\u00bb1px\u00bb ul_text_shadow_horizontal_length=\u00bbul_text_shadow_style,%91object Object%93&#8243; ul_text_shadow_horizontal_length_tablet=\u00bb0px\u00bb ul_text_shadow_vertical_length=\u00bbul_text_shadow_style,%91object Object%93&#8243; ul_text_shadow_vertical_length_tablet=\u00bb0px\u00bb ul_text_shadow_blur_strength=\u00bbul_text_shadow_style,%91object Object%93&#8243; ul_text_shadow_blur_strength_tablet=\u00bb1px\u00bb ol_text_shadow_horizontal_length=\u00bbol_text_shadow_style,%91object Object%93&#8243; ol_text_shadow_horizontal_length_tablet=\u00bb0px\u00bb ol_text_shadow_vertical_length=\u00bbol_text_shadow_style,%91object Object%93&#8243; ol_text_shadow_vertical_length_tablet=\u00bb0px\u00bb ol_text_shadow_blur_strength=\u00bbol_text_shadow_style,%91object Object%93&#8243; ol_text_shadow_blur_strength_tablet=\u00bb1px\u00bb quote_text_shadow_horizontal_length=\u00bbquote_text_shadow_style,%91object Object%93&#8243; quote_text_shadow_horizontal_length_tablet=\u00bb0px\u00bb quote_text_shadow_vertical_length=\u00bbquote_text_shadow_style,%91object Object%93&#8243; quote_text_shadow_vertical_length_tablet=\u00bb0px\u00bb quote_text_shadow_blur_strength=\u00bbquote_text_shadow_style,%91object Object%93&#8243; quote_text_shadow_blur_strength_tablet=\u00bb1px\u00bb header_text_shadow_horizontal_length=\u00bbheader_text_shadow_style,%91object Object%93&#8243; header_text_shadow_horizontal_length_tablet=\u00bb0px\u00bb header_text_shadow_vertical_length=\u00bbheader_text_shadow_style,%91object Object%93&#8243; header_text_shadow_vertical_length_tablet=\u00bb0px\u00bb header_text_shadow_blur_strength=\u00bbheader_text_shadow_style,%91object Object%93&#8243; header_text_shadow_blur_strength_tablet=\u00bb1px\u00bb header_2_text_shadow_horizontal_length=\u00bbheader_2_text_shadow_style,%91object Object%93&#8243; header_2_text_shadow_horizontal_length_tablet=\u00bb0px\u00bb header_2_text_shadow_vertical_length=\u00bbheader_2_text_shadow_style,%91object Object%93&#8243; header_2_text_shadow_vertical_length_tablet=\u00bb0px\u00bb header_2_text_shadow_blur_strength=\u00bbheader_2_text_shadow_style,%91object Object%93&#8243; header_2_text_shadow_blur_strength_tablet=\u00bb1px\u00bb header_3_text_shadow_horizontal_length=\u00bbheader_3_text_shadow_style,%91object Object%93&#8243; header_3_text_shadow_horizontal_length_tablet=\u00bb0px\u00bb header_3_text_shadow_vertical_length=\u00bbheader_3_text_shadow_style,%91object Object%93&#8243; header_3_text_shadow_vertical_length_tablet=\u00bb0px\u00bb header_3_text_shadow_blur_strength=\u00bbheader_3_text_shadow_style,%91object Object%93&#8243; header_3_text_shadow_blur_strength_tablet=\u00bb1px\u00bb header_4_text_shadow_horizontal_length=\u00bbheader_4_text_shadow_style,%91object Object%93&#8243; header_4_text_shadow_horizontal_length_tablet=\u00bb0px\u00bb header_4_text_shadow_vertical_length=\u00bbheader_4_text_shadow_style,%91object Object%93&#8243; header_4_text_shadow_vertical_length_tablet=\u00bb0px\u00bb header_4_text_shadow_blur_strength=\u00bbheader_4_text_shadow_style,%91object Object%93&#8243; header_4_text_shadow_blur_strength_tablet=\u00bb1px\u00bb header_5_text_shadow_horizontal_length=\u00bbheader_5_text_shadow_style,%91object Object%93&#8243; header_5_text_shadow_horizontal_length_tablet=\u00bb0px\u00bb header_5_text_shadow_vertical_length=\u00bbheader_5_text_shadow_style,%91object Object%93&#8243; header_5_text_shadow_vertical_length_tablet=\u00bb0px\u00bb header_5_text_shadow_blur_strength=\u00bbheader_5_text_shadow_style,%91object Object%93&#8243; header_5_text_shadow_blur_strength_tablet=\u00bb1px\u00bb header_6_text_shadow_horizontal_length=\u00bbheader_6_text_shadow_style,%91object Object%93&#8243; header_6_text_shadow_horizontal_length_tablet=\u00bb0px\u00bb header_6_text_shadow_vertical_length=\u00bbheader_6_text_shadow_style,%91object Object%93&#8243; header_6_text_shadow_vertical_length_tablet=\u00bb0px\u00bb header_6_text_shadow_blur_strength=\u00bbheader_6_text_shadow_style,%91object Object%93&#8243; header_6_text_shadow_blur_strength_tablet=\u00bb1px\u00bb box_shadow_horizontal_tablet=\u00bb0px\u00bb box_shadow_vertical_tablet=\u00bb0px\u00bb box_shadow_blur_tablet=\u00bb40px\u00bb box_shadow_spread_tablet=\u00bb0px\u00bb z_index_tablet=\u00bb500&#8243; header_text_color=\u00bb#00639a\u00bb header_2_text_color=\u00bb#00639a\u00bb header_3_text_color=\u00bb#00639a\u00bb]<\/p>\n<div class=\"orria_pestainarik_gabe\">\n<h2 style=\"text-align: justify;\"><strong><span style=\"text-decoration: underline;\">Pol\u00edtica de Privacidad \u2013 Protecci\u00f3n de datos de car\u00e1cter personal<\/span><\/strong><\/h2>\n<h3 style=\"text-align: justify;\"><strong>1. Introducci\u00f3n<\/strong><\/h3>\n<p style=\"text-align: justify;\">En cumplimiento con la Ley Org\u00e1nica 15\/1999, de 13 de diciembre, sobre Protecci\u00f3n de Datos de Car\u00e1cter Personal (en adelante \u201cLOPD\u201d) y su normativa de desarrollo, se informa a los usuarios que los datos de car\u00e1cter personal que faciliten mediante correo electr\u00f3nico, enviados a trav\u00e9s de formularios web, \u00e1reas privadas o por cualquier otro medio ubicado en este sitio web ser\u00e1n incorporados a ficheros titularidad de Iturzaeta Herri Eskola (Responsable del Fichero), con la finalidad de atender a las consultas y solicitudes recibidas, contactar con usted, gestionar los servicios solicitados, las relaciones con los usuarios y las funciones leg\u00edtimas propias de su actividad.<\/p>\n<p style=\"text-align: justify;\">El tratamiento de sus datos personales se realizar\u00e1 de manera confidencial. Iturzaeta Herri Eskola est\u00e1 comprometida con la privacidad y la protecci\u00f3n de los datos personales de los usuarios y utiliza todos los recursos a su alcance para garantizar la seguridad y privacidad de los interesados.<\/p>\n<p style=\"text-align: justify;\">Este sitio web ofrece enlaces a redes sociales y sitios y canales web externos, como Facebook y Twitter, entre otros. Iturzaeta Herri Eskola no asume ninguna responsabilidad en relaci\u00f3n con estos sitios enlazados. El usuario que acceda a redes sociales y sitios y canales web externos, relacionados con Iturzaeta Herri Eskola, desde los enlaces ubicados en este sitio web o de cualquier otra forma, queda previa y expresamente informado de que las condiciones de uso, pol\u00edticas de privacidad, pol\u00edticas de cookies y cualesquiera condiciones y\/o normativas dependen de las entidades responsables de dichas redes sociales y sitios y canales web.<\/p>\n<p style=\"text-align: justify;\">Iturzaeta Herri Eskola recomienda a los usuarios que consulten los diferentes materiales que en relaci\u00f3n con la protecci\u00f3n de datos personales de ni\u00f1os y j\u00f3venes ha desarrollado la Agencia Vasca de Protecci\u00f3n de Datos. Esta informaci\u00f3n (manuales de uso de nuevas tecnolog\u00edas, videos educativos, etc.) se encuentra disponible en www.kontuzdatos.info<\/p>\n<p>\u00a0<\/p>\n<h3 style=\"text-align: justify;\"><strong>2. Recogida de datos de car\u00e1cter personal<\/strong><\/h3>\n<p style=\"text-align: justify;\">Iturzaeta Herri Eskola no requiere que proporcione datos de car\u00e1cter personal para acceder al sitio web, no obstante, existen formularios, cuyo uso requiere que el usuario facilite datos personales. El usuario aporta sus datos personales de forma libre y voluntaria. Iturzaeta Herri Eskola no solicita m\u00e1s informaci\u00f3n personal que la que es necesaria para recibir el servicio solicitado.<\/p>\n<p style=\"text-align: justify;\">El usuario que incluya en este sitio web cualquier tipo de contenido (datos, textos, v\u00eddeos, sonido, fotograf\u00edas, gr\u00e1ficos, mensajes u otro material) declara y garantiza hacerlo de modo que se ajuste a las condiciones aqu\u00ed expresadas.<\/p>\n<p style=\"text-align: justify;\">El usuario que incluya datos personales de terceros declara que cuenta con el consentimiento informado previo y expreso de estos para la publicaci\u00f3n de los mismos.<\/p>\n<p style=\"text-align: justify;\">El usuario es el \u00fanico responsable de la veracidad y correcci\u00f3n de los datos incluidos, exoner\u00e1ndose Iturzaeta Herri Eskola de cualquier responsabilidad al respecto. Los usuarios garantizan y responden, en cualquier caso, de la exactitud, vigencia y autenticidad de los datos personales facilitados, y se comprometen a mantenerlos debidamente actualizados.<\/p>\n<p style=\"text-align: justify;\">Iturzaeta Herri Eskola no solicitar\u00e1 ning\u00fan tipo de dato personal a menores de edad. Todos los datos personales ser\u00e1n recabados por los padres o tutores legales de los mismos. Iturzaeta Herri Eskola recomienda a los padres y tutores legales que gu\u00eden a sus hijos en la navegaci\u00f3n a trav\u00e9s de este sitio web. Solo un uso responsable del mismo permite una navegaci\u00f3n segura.<\/p>\n<p style=\"text-align: justify;\">El env\u00edo de informaci\u00f3n a trav\u00e9s de este sitio web conlleva necesariamente la autorizaci\u00f3n expresa para los tratamientos de datos descritos en esta pol\u00edtica de privacidad y en las condiciones generales del sitio web.<\/p>\n<p>\u00a0<\/p>\n<h3 style=\"text-align: justify;\"><strong>3. Derechos de los interesados<\/strong><\/h3>\n<p style=\"text-align: justify;\">Puede ejercitar los derechos de acceso, rectificaci\u00f3n, cancelaci\u00f3n y oposici\u00f3n dirigi\u00e9ndose por escrito al Responsable del Fichero, Iturzaeta Herri Eskola, en C\/ Sahatsaga, 16 \u2013 Getaria (Gipuzkoa), tel\u00e9fono <a href=\"tel:943140729\" target=\"_blank\" rel=\"noopener noreferrer\">943140729<\/a> o bien a trav\u00e9s de la direcci\u00f3n de correo electr\u00f3nico <a href=\"https:\/\/web.archive.org\/web\/20190702123345\/mailto:012073aa@hezkuntza.net\" target=\"_blank\" rel=\"noopener noreferrer\">012073aa@hezkuntza.net<\/a> La solicitud deber\u00e1 llevar adjunta copia de documento de acreditativo de la identidad del solicitante (DNI).<\/p>\n<p style=\"text-align: justify;\">En caso de realizar la solicitud en su condici\u00f3n de representante legal, deber\u00e1 adjuntar, adem\u00e1s de la fotocopia del Documento de Identidad, un documento acreditativo de tal representaci\u00f3n.<\/p>\n<p>\u00a0<\/p>\n<h3 style=\"text-align: justify;\"><strong>4. Medidas de seguridad<\/strong><\/h3>\n<p style=\"text-align: justify;\">Iturzaeta Herri Eskola tratar\u00e1 los datos de car\u00e1cter personal contenidos en sus ficheros adoptando las medidas de \u00edndole t\u00e9cnica y organizativa que sean necesarias para garantizar su seguridad y evitar su alteraci\u00f3n, p\u00e9rdida, tratamiento o acceso no autorizado, habida cuenta del estado de la tecnolog\u00eda, la naturaleza de los datos almacenados y los riesgos a que est\u00e1n expuestos, ya provengan de la acci\u00f3n humana o del medio f\u00edsico o natural, de acuerdo con la legislaci\u00f3n vigente que resulte de aplicaci\u00f3n en materia de medidas de seguridad de los ficheros que contengan datos de car\u00e1cter personal, particularmente por la LOPD y su normativa de desarrollo. Sin embargo, los usuarios son informados de que las medidas de seguridad inform\u00e1tica no son inexpugnables y no se est\u00e1 a salvo de posibles intromisiones ilegales e indebidas, que no ser\u00edan responsabilidad de Iturzaeta Herri Eskola.<\/p>\n<p>\u00a0<\/p>\n<h3 style=\"text-align: justify;\"><strong>5. Datos de Tr\u00e1fico<\/strong><\/h3>\n<p style=\"text-align: justify;\">Con la finalidad de ofrecer un mejor servicio a trav\u00e9s de este sitio web, se puede registrar la direcci\u00f3n IP del usuario, permiti\u00e9ndose as\u00ed el posterior procesamiento de los datos con el fin de analizar entre otros el n\u00famero de p\u00e1ginas visitadas, el n\u00famero de visitas, as\u00ed como la actividad de los visitantes\/usuarios del sitio web, y su frecuencia de utilizaci\u00f3n.<\/p>\n<p style=\"text-align: justify;\">El Usuario da su consentimiento previo e informado al registro de su IP durante la conexi\u00f3n y navegaci\u00f3n en el sitio web, sin que sea necesario solicitarlo cada vez que acceda a este sitio web.<\/p>\n<p style=\"text-align: justify;\">Con la finalidad ya mencionada, este sitio est\u00e1 siendo medido y analizado con Google Analytics y\/o herramientas similares, que pueden utilizar marcas en las p\u00e1ginas y cookies para analizar lo que sucede en las diferentes p\u00e1ginas del sitio web de Iturzaeta Herri Eskola.<\/p>\n<p>\u00a0<\/p>\n<h3 style=\"text-align: justify;\"><strong>6. Vigencia<\/strong><\/h3>\n<p style=\"text-align: justify;\">Iturzaeta Herri Eskola se reserva el derecho de modificar su pol\u00edtica de privacidad de acuerdo a su criterio, a cambios legislativos o jurisprudenciales. Si Iturzaeta Herri Eskola introdujera alguna modificaci\u00f3n, el nuevo texto ser\u00e1 publicado en este mismo sitio web, donde el usuario podr\u00e1 tener conocimiento de la misma. En cualquier caso, la relaci\u00f3n con los usuarios se regir\u00e1 por las normas previstas en el momento preciso en que se accede al sitio web. Es por ello que Iturzaeta Herri Eskola le recomienda visitar esta pol\u00edtica de privacidad cada vez que se conecte al sitio web.<\/p>\n<\/div>\n<p class=\"description\">Aqu\u00ed puedes crear el contenido que se usar\u00e1 dentro del m\u00f3dulo.<\/p>\n<p>[\/et_pb_text][\/et_pb_column][\/et_pb_row][\/et_pb_section]<\/p>\n","protected":false},"excerpt":{"rendered":"<p><div class=\"et_pb_row et_pb_row_0 et_pb_row_empty\">\n\t\t\t\t\n\t\t\t\t\n\t\t\t\t\n\t\t\t\t\n\t\t\t\t\n\t\t\t<\/div> Pol\u00edtica de Privacidad \u2013 Protecci\u00f3n de datos de car\u00e1cter personal1. Introducci\u00f3nEn cumplimiento con la Ley Org\u00e1nica 15\/1999, de 13 de diciembre, sobre Protecci\u00f3n de Datos de Car\u00e1cter Personal (en adelante \u201cLOPD\u201d) y su normativa de desarrollo, se informa a los usuarios que los datos de car\u00e1cter personal que faciliten mediante correo electr\u00f3nico, enviados a [&hellip;]<\/p>\n","protected":false},"author":1,"featured_media":0,"parent":0,"menu_order":0,"comment_status":"closed","ping_status":"closed","template":"","meta":{"_et_pb_use_builder":"on","_et_pb_old_content":"","_et_gb_content_width":"","ngg_post_thumbnail":0,"footnotes":""},"class_list":["post-22869","page","type-page","status-publish","hentry"],"_links":{"self":[{"href":"https:\/\/iturzaeta.eus\/es\/wp-json\/wp\/v2\/pages\/22869","targetHints":{"allow":["GET"]}}],"collection":[{"href":"https:\/\/iturzaeta.eus\/es\/wp-json\/wp\/v2\/pages"}],"about":[{"href":"https:\/\/iturzaeta.eus\/es\/wp-json\/wp\/v2\/types\/page"}],"author":[{"embeddable":true,"href":"https:\/\/iturzaeta.eus\/es\/wp-json\/wp\/v2\/users\/1"}],"replies":[{"embeddable":true,"href":"https:\/\/iturzaeta.eus\/es\/wp-json\/wp\/v2\/comments?post=22869"}],"version-history":[{"count":3,"href":"https:\/\/iturzaeta.eus\/es\/wp-json\/wp\/v2\/pages\/22869\/revisions"}],"predecessor-version":[{"id":22878,"href":"https:\/\/iturzaeta.eus\/es\/wp-json\/wp\/v2\/pages\/22869\/revisions\/22878"}],"wp:attachment":[{"href":"https:\/\/iturzaeta.eus\/es\/wp-json\/wp\/v2\/media?parent=22869"}],"curies":[{"name":"wp","href":"https:\/\/api.w.org\/{rel}","templated":true}]}}