{"id":22870,"date":"2020-02-14T17:21:37","date_gmt":"2020-02-14T16:21:37","guid":{"rendered":"https:\/\/iturzaeta.eus\/aviso-legal\/"},"modified":"2020-02-14T17:30:18","modified_gmt":"2020-02-14T16:30:18","slug":"aviso-legal","status":"publish","type":"page","link":"https:\/\/iturzaeta.eus\/es\/aviso-legal\/","title":{"rendered":"Aviso Legal"},"content":{"rendered":"<p>[et_pb_section bb_built=\u00bb1&#8243; inner_width=\u00bbauto\u00bb inner_max_width=\u00bbnone\u00bb][et_pb_row][et_pb_column type=\u00bb4_4&#8243;][et_pb_text _builder_version=\u00bb3.23.3&#8243; text_text_shadow_horizontal_length=\u00bbtext_text_shadow_style,%91object Object%93&#8243; text_text_shadow_horizontal_length_tablet=\u00bb0px\u00bb text_text_shadow_vertical_length=\u00bbtext_text_shadow_style,%91object Object%93&#8243; text_text_shadow_vertical_length_tablet=\u00bb0px\u00bb text_text_shadow_blur_strength=\u00bbtext_text_shadow_style,%91object Object%93&#8243; text_text_shadow_blur_strength_tablet=\u00bb1px\u00bb link_text_shadow_horizontal_length=\u00bblink_text_shadow_style,%91object Object%93&#8243; link_text_shadow_horizontal_length_tablet=\u00bb0px\u00bb link_text_shadow_vertical_length=\u00bblink_text_shadow_style,%91object Object%93&#8243; link_text_shadow_vertical_length_tablet=\u00bb0px\u00bb link_text_shadow_blur_strength=\u00bblink_text_shadow_style,%91object Object%93&#8243; link_text_shadow_blur_strength_tablet=\u00bb1px\u00bb ul_text_shadow_horizontal_length=\u00bbul_text_shadow_style,%91object Object%93&#8243; ul_text_shadow_horizontal_length_tablet=\u00bb0px\u00bb ul_text_shadow_vertical_length=\u00bbul_text_shadow_style,%91object Object%93&#8243; ul_text_shadow_vertical_length_tablet=\u00bb0px\u00bb ul_text_shadow_blur_strength=\u00bbul_text_shadow_style,%91object Object%93&#8243; ul_text_shadow_blur_strength_tablet=\u00bb1px\u00bb ol_text_shadow_horizontal_length=\u00bbol_text_shadow_style,%91object Object%93&#8243; ol_text_shadow_horizontal_length_tablet=\u00bb0px\u00bb ol_text_shadow_vertical_length=\u00bbol_text_shadow_style,%91object Object%93&#8243; ol_text_shadow_vertical_length_tablet=\u00bb0px\u00bb ol_text_shadow_blur_strength=\u00bbol_text_shadow_style,%91object Object%93&#8243; ol_text_shadow_blur_strength_tablet=\u00bb1px\u00bb quote_text_shadow_horizontal_length=\u00bbquote_text_shadow_style,%91object Object%93&#8243; quote_text_shadow_horizontal_length_tablet=\u00bb0px\u00bb quote_text_shadow_vertical_length=\u00bbquote_text_shadow_style,%91object Object%93&#8243; quote_text_shadow_vertical_length_tablet=\u00bb0px\u00bb quote_text_shadow_blur_strength=\u00bbquote_text_shadow_style,%91object Object%93&#8243; quote_text_shadow_blur_strength_tablet=\u00bb1px\u00bb header_text_shadow_horizontal_length=\u00bbheader_text_shadow_style,%91object Object%93&#8243; header_text_shadow_horizontal_length_tablet=\u00bb0px\u00bb header_text_shadow_vertical_length=\u00bbheader_text_shadow_style,%91object Object%93&#8243; header_text_shadow_vertical_length_tablet=\u00bb0px\u00bb header_text_shadow_blur_strength=\u00bbheader_text_shadow_style,%91object Object%93&#8243; header_text_shadow_blur_strength_tablet=\u00bb1px\u00bb header_2_text_color=\u00bb#00639a\u00bb header_2_text_shadow_horizontal_length=\u00bbheader_2_text_shadow_style,%91object Object%93&#8243; header_2_text_shadow_horizontal_length_tablet=\u00bb0px\u00bb header_2_text_shadow_vertical_length=\u00bbheader_2_text_shadow_style,%91object Object%93&#8243; header_2_text_shadow_vertical_length_tablet=\u00bb0px\u00bb header_2_text_shadow_blur_strength=\u00bbheader_2_text_shadow_style,%91object Object%93&#8243; header_2_text_shadow_blur_strength_tablet=\u00bb1px\u00bb header_3_text_color=\u00bb#00639a\u00bb header_3_text_shadow_horizontal_length=\u00bbheader_3_text_shadow_style,%91object Object%93&#8243; header_3_text_shadow_horizontal_length_tablet=\u00bb0px\u00bb header_3_text_shadow_vertical_length=\u00bbheader_3_text_shadow_style,%91object Object%93&#8243; header_3_text_shadow_vertical_length_tablet=\u00bb0px\u00bb header_3_text_shadow_blur_strength=\u00bbheader_3_text_shadow_style,%91object Object%93&#8243; header_3_text_shadow_blur_strength_tablet=\u00bb1px\u00bb header_4_text_shadow_horizontal_length=\u00bbheader_4_text_shadow_style,%91object Object%93&#8243; header_4_text_shadow_horizontal_length_tablet=\u00bb0px\u00bb header_4_text_shadow_vertical_length=\u00bbheader_4_text_shadow_style,%91object Object%93&#8243; header_4_text_shadow_vertical_length_tablet=\u00bb0px\u00bb header_4_text_shadow_blur_strength=\u00bbheader_4_text_shadow_style,%91object Object%93&#8243; header_4_text_shadow_blur_strength_tablet=\u00bb1px\u00bb header_5_text_shadow_horizontal_length=\u00bbheader_5_text_shadow_style,%91object Object%93&#8243; header_5_text_shadow_horizontal_length_tablet=\u00bb0px\u00bb header_5_text_shadow_vertical_length=\u00bbheader_5_text_shadow_style,%91object Object%93&#8243; header_5_text_shadow_vertical_length_tablet=\u00bb0px\u00bb header_5_text_shadow_blur_strength=\u00bbheader_5_text_shadow_style,%91object Object%93&#8243; header_5_text_shadow_blur_strength_tablet=\u00bb1px\u00bb header_6_text_shadow_horizontal_length=\u00bbheader_6_text_shadow_style,%91object Object%93&#8243; header_6_text_shadow_horizontal_length_tablet=\u00bb0px\u00bb header_6_text_shadow_vertical_length=\u00bbheader_6_text_shadow_style,%91object Object%93&#8243; header_6_text_shadow_vertical_length_tablet=\u00bb0px\u00bb header_6_text_shadow_blur_strength=\u00bbheader_6_text_shadow_style,%91object Object%93&#8243; header_6_text_shadow_blur_strength_tablet=\u00bb1px\u00bb box_shadow_horizontal_tablet=\u00bb0px\u00bb box_shadow_vertical_tablet=\u00bb0px\u00bb box_shadow_blur_tablet=\u00bb40px\u00bb box_shadow_spread_tablet=\u00bb0px\u00bb z_index_tablet=\u00bb500&#8243;]<\/p>\n<h2><span style=\"text-decoration: underline;\"><strong>Informaci\u00f3n legal<\/strong><\/span><\/h2>\n<p>En cumplimiento de la Ley 34\/2002, de 11 de julio, de Servicios de la Sociedad de la Informaci\u00f3n y de Comercio Electr\u00f3nico, le informamos que el dominio de internet <a href=\"https:\/\/web.archive.org\/web\/20190702123055\/http:\/\/www.iturzaeta.eus\/\" target=\"_blank\" rel=\"noopener noreferrer\">www.iturzaeta.eus<\/a> es titularidad de Iturzaeta Herri Eskola, CIF: S4833001C, Direcci\u00f3n: Sahatsaga 16 , Poblaci\u00f3n: Getaria (Gipuzkoa), tel\u00e9fono: <a href=\"tel:943140729\" target=\"_blank\" rel=\"noopener noreferrer\">943140729<\/a>, correo electr\u00f3nico: <a href=\"https:\/\/web.archive.org\/web\/20190702123055\/mailto:012073aa@hezkuntza.net\" target=\"_blank\" rel=\"noopener noreferrer\">012073aa@hezkuntza.net<\/a>.<\/p>\n<p>&nbsp;<\/p>\n<h2><span style=\"text-decoration: underline;\"><strong>1. Condiciones Generales<\/strong><\/span><\/h2>\n<p><a href=\"https:\/\/web.archive.org\/web\/20190702123055\/http:\/\/www.iturzaeta.eus\/\" target=\"_blank\" rel=\"noopener noreferrer\">www.iturzaeta.eus<\/a> (en adelante \u201cel sitio web\u201d) es un sitio web titularidad de Iturzaeta Herri Eskola. El usuario accede a este sitio web de forma voluntaria. El acceso a este sitio web tiene car\u00e1cter gratuito. La navegaci\u00f3n en este sitio web implica aceptar y conocer las advertencias legales, condiciones y t\u00e9rminos de uso y pol\u00edtica de privacidad contenidos en \u00e9l. Si el usuario no est\u00e1 de acuerdo con estas condiciones de uso y no presta su consentimiento, no podr\u00e1 hacer uso de este sitio web.<\/p>\n<p>El acceso a este sitio web, as\u00ed como el uso que pueda hacerse de la informaci\u00f3n que contiene, son de la exclusiva responsabilidad del usuario. El usuario se compromete a hacer uso del mismo de acuerdo a la finalidad del sitio web.<\/p>\n<p>El usuario no puede hacer un uso il\u00edcito de la informaci\u00f3n contenida en este sitio web, ni llevar a cabo acciones que puedan da\u00f1ar o alterar los sistemas inform\u00e1ticos de este sitio web.<\/p>\n<p>Queda prohibida la inclusi\u00f3n y comunicaci\u00f3n de contenidos, por parte de los usuarios, que sean falsos o inexactos y que induzcan o puedan inducir a error a Iturzaeta Herri Eskola o a otros usuarios o terceros. El usuario ser\u00e1 el \u00fanico responsable de los perjuicios que cause mediante la comunicaci\u00f3n de dichos datos.<\/p>\n<p>Queda prohibido el uso de datos personales de terceros sin su consentimiento, as\u00ed como el uso de datos identificativos de terceros con el \u00e1nimo de hacerse pasar por o fingir ser cualquier otra persona o entidad.<\/p>\n<p>Iturzaeta Herri Eskola realiza los m\u00e1ximos esfuerzos para evitar errores en los contenidos que se publican en el sitio web, reserv\u00e1ndose la facultad de poder modificarlos en cualquier momento. Iturzaeta Herri Eskola declina expresamente cualquier responsabilidad por error u omisi\u00f3n en los contenidos de este sitio web y de los da\u00f1os y perjuicios que puedan deberse a la falta de veracidad, exactitud y actualidad de los mismos.<\/p>\n<p><a href=\"https:\/\/web.archive.org\/web\/20190702123055\/http:\/\/www.iturzaeta.eus\/\" target=\"_blank\" rel=\"noopener noreferrer\">www.iturzaeta.eus<\/a> puede contener la opini\u00f3n y puntos de vista de otros usuarios. Teniendo en cuenta la naturaleza interactiva del sitio, Iturzaeta Herri Eskola no se hace responsable del incumplimiento de las normas por parte de los usuarios, de modo que no puede garantizar la certeza, eficacia o veracidad de cualquier contenido generado por los usuarios.<\/p>\n<p>El sitio web puede ofrecer enlaces a otros sitios web o facilitar su acceso mediante un buscador ubicado en su sitio web. Iturzaeta Herri Eskola no asume ninguna responsabilidad en relaci\u00f3n con estos sitios enlazados, ni los resultados de las b\u00fasquedas, ya que no tiene ning\u00fan tipo de control sobre ellos, su contenido, productos y servicios ofrecidos, etc. La finalidad de estos servicios es informar al usuario de otras fuentes de informaci\u00f3n, por lo que el usuario accede bajo su exclusiva responsabilidad al contenido y en las condiciones de uso que rijan en los mismos.<\/p>\n<p>Iturzaeta Herri Eskola no se responsabilizar\u00e1 de ninguna consecuencia, da\u00f1o o perjuicio que pudieran derivarse del uso de este sitio web o de sus contenidos, incluidos da\u00f1os inform\u00e1ticos y la introducci\u00f3n de virus o cualquier tipo de malware. Iturzaeta Herri Eskola no garantiza la ausencia de virus ni de otros elementos en el sitio web, introducidos por terceros ajenos, que puedan producir alteraciones en los sistemas f\u00edsicos o l\u00f3gicos de los usuarios, pero utiliza todos los medios a su alcance para que esto no suceda.<\/p>\n<p>Iturzaeta Herri Eskola se reserva el derecho de modificar o borrar en cualquier momento, sin previo aviso y\/o justificaci\u00f3n, el dise\u00f1o, la configuraci\u00f3n y la informaci\u00f3n contenida en este sitio web, si as\u00ed lo estima oportuno. Iturzaeta Herri Eskola no se hace responsable de los perjuicios que estas modificaciones puedan causar. No obstante utilizar\u00e1 los recursos que tenga a su alcance para informar a los usuarios de dichas modificaciones.<\/p>\n<p>&nbsp;<\/p>\n<h2><span style=\"text-decoration: underline;\"><strong>2. Blogs<\/strong><\/span><\/h2>\n<p>El sitio web contiene un apartado denominado \u201cblogs\u201d donde los responsables del centro y dem\u00e1s usuarios invitados pueden publicar y comentar informaci\u00f3n de car\u00e1cter general o relacionada con el sector, que pueda resultar de inter\u00e9s para los usuarios. El contenido de estos blogs es meramente informativo y no constituye un asesoramiento personalizado. Para obtener un asesoramiento personalizado y adaptado a las necesidades del usuario el centro recomienda que visite personal cualificado.<\/p>\n<p>Asimismo, puesto que en los blogs se admiten comentarios, Iturzaeta Herri Eskola no se responsabiliza de las opiniones vertidas por los mismos, y se reserva los derechos de borrar los comentarios ofensivos o denigrantes y bloquear e impedir los futuros comentarios provenientes de los autores de dichos comentarios.<\/p>\n<p>&nbsp;<\/p>\n<h2><span style=\"text-decoration: underline;\"><strong>3. Propiedad intelectual e industrial<\/strong><\/span><\/h2>\n<p>Los derechos de propiedad de este sitio web, de sus p\u00e1ginas, pantallas, la informaci\u00f3n que contienen, su apariencia y dise\u00f1o, fotograf\u00edas, im\u00e1genes, sus productos y servicios, marcas, logos, lemas, etc. son propiedad de Iturzaeta Herri Eskola, salvo que se especifique otra cosa.<\/p>\n<p>En ning\u00fan caso el acceso o navegaci\u00f3n en el sitio web implica renuncia, transmisi\u00f3n o licencia total o parcial de Iturzaeta Herri Eskola para uso personal al usuario sobre sus derechos de propiedad intelectual e industrial. La reproducci\u00f3n, distribuci\u00f3n, comercializaci\u00f3n o transformaci\u00f3n no autorizadas de estas obras constituye una infracci\u00f3n de los derechos de propiedad intelectual de Iturzaeta Herri Eskola.<\/p>\n<p>El usuario se compromete a no realizar ninguna acci\u00f3n que perjudique la titularidad de este sitio web. La utilizaci\u00f3n no autorizada de la informaci\u00f3n contenida en este sitio web, as\u00ed como los perjuicios ocasionados en los derechos de propiedad intelectual e industrial de sus titulares, pueden dar lugar al ejercicio de las acciones que legalmente correspondan y, si procede, a las responsabilidades que de dicho ejercicio se deriven.<\/p>\n<p>&nbsp;<\/p>\n<h2><span style=\"text-decoration: underline;\"><strong>4. Modificaciones<\/strong><\/span><\/h2>\n<p>Estas Condiciones podr\u00e1n sufrir modificaciones cuando Iturzaeta Herri Eskola lo considere oportuno, bien con la finalidad de adecuarse a los cambios legislativos, bien con el fin de llevar a cabo otro tipo de mejoras. Estas modificaciones ser\u00e1n v\u00e1lidas desde su publicaci\u00f3n en este sitio web. Iturzaeta Herri Eskola utilizar\u00e1 los medios a su alcance para dar a conocer a los usuarios del sitio web los cambios realizados.<\/p>\n<p>&nbsp;<\/p>\n<h2><span style=\"text-decoration: underline;\"><strong>5. Jurisdicci\u00f3n<\/strong><\/span><\/h2>\n<p>Las relaciones establecidas entre Iturzaeta Herri Eskola y el usuario se regir\u00e1n por lo dispuesto en la normativa vigente acerca de la legislaci\u00f3n aplicable y la jurisdicci\u00f3n competente. No obstante, para los casos en los que la normativa prevea la posibilidad a las partes de someterse a un fuero, Iturzaeta Herri Eskola y el usuario, con renuncia expresa a cualquier otro fuero que pudiera corresponderles, se someten a los Juzgados y Tribunales de Donostia \u2013 San Sebasti\u00e1n.<\/p>\n<p>Iturzaeta Herri Eskola perseguir\u00e1 el incumplimiento de las anteriores condiciones as\u00ed como cualquier utilizaci\u00f3n indebida de los contenidos presentados en su sitio web ejerciendo todas las acciones civiles y penales que le puedan corresponder en derecho.<\/p>\n<p>[\/et_pb_text][\/et_pb_column][\/et_pb_row][\/et_pb_section]<\/p>\n","protected":false},"excerpt":{"rendered":"<p><div class=\"et_pb_row et_pb_row_0 et_pb_row_empty\">\n\t\t\t\t\n\t\t\t\t\n\t\t\t\t\n\t\t\t\t\n\t\t\t\t\n\t\t\t<\/div> Informaci\u00f3n legal En cumplimiento de la Ley 34\/2002, de 11 de julio, de Servicios de la Sociedad de la Informaci\u00f3n y de Comercio Electr\u00f3nico, le informamos que el dominio de internet www.iturzaeta.eus es titularidad de Iturzaeta Herri Eskola, CIF: S4833001C, Direcci\u00f3n: Sahatsaga 16 , Poblaci\u00f3n: Getaria (Gipuzkoa), tel\u00e9fono: 943140729, correo electr\u00f3nico: 012073aa@hezkuntza.net. &nbsp; 1. [&hellip;]<\/p>\n","protected":false},"author":1,"featured_media":0,"parent":0,"menu_order":0,"comment_status":"closed","ping_status":"closed","template":"","meta":{"_et_pb_use_builder":"on","_et_pb_old_content":"<h1>AVISO LEGAL<\/h1>\r\n\t\t\t\t<div class=\"orria_pestainarik_gabe\"><p><span style=\"text-decoration: underline;\"><strong>Informaci\u00f3n legal<\/strong><\/span><\/p>\r\n<p>En cumplimiento de la Ley 34\/2002, de 11 de julio, de Servicios de la Sociedad de la Informaci\u00f3n y de Comercio Electr\u00f3nico, le informamos que el dominio de internet <a href=\"https:\/\/web.archive.org\/web\/20190702123055\/\/\" target=\"_blank\" rel=\"noopener noreferrer\">www.iturzaeta.net<\/a> es titularidad de Iturzaeta Herri Eskola (S4833001C), con domicilio en C\/ Sahatsaga, 16 \u2013 Getaria (Gipuzkoa), tel\u00e9fono <a href=\"tel:943140729\" target=\"_blank\" rel=\"noopener noreferrer\">943140729<\/a>, correo electr\u00f3nico <a href=\"https:\/\/web.archive.org\/web\/20190702123055\/mailto:012073aa@hezkuntza.net\" target=\"_blank\" rel=\"noopener noreferrer\">012073aa@hezkuntza.net<\/a>.<\/p>\r\n<p>\u00a0<\/p>\r\n<p><span style=\"text-decoration: underline;\"><strong>1. Condiciones Generales<\/strong><\/span><\/p>\r\n<p>\u00a0<\/p>\r\n<p><a href=\"https:\/\/web.archive.org\/web\/20190702123055\/\/\" target=\"_blank\" rel=\"noopener noreferrer\">www.iturzaeta.net<\/a> (en adelante \u201cel sitio web\u201d) es un sitio web titularidad de Iturzaeta Herri Eskola. El usuario accede a este sitio web de forma voluntaria. El acceso a este sitio web tiene car\u00e1cter gratuito. La navegaci\u00f3n en este sitio web implica aceptar y conocer las advertencias legales, condiciones y t\u00e9rminos de uso y pol\u00edtica de privacidad contenidos en \u00e9l. Si el usuario no est\u00e1 de acuerdo con estas condiciones de uso y no presta su consentimiento, no podr\u00e1 hacer uso de este sitio web.<\/p>\r\n<p>\u00a0<\/p>\r\n<p>El acceso a este sitio web, as\u00ed como el uso que pueda hacerse de la informaci\u00f3n que contiene, son de la exclusiva responsabilidad del usuario. El usuario se compromete a hacer uso del mismo de acuerdo a la finalidad del sitio web.<\/p>\r\n<p>\u00a0<\/p>\r\n<p>El usuario no puede hacer un uso il\u00edcito de la informaci\u00f3n contenida en este sitio web, ni llevar a cabo acciones que puedan da\u00f1ar o alterar los sistemas inform\u00e1ticos de este sitio web.<\/p>\r\n<p>\u00a0<\/p>\r\n<p>Queda prohibida la inclusi\u00f3n y comunicaci\u00f3n de contenidos, por parte de los usuarios, que sean falsos o inexactos y que induzcan o puedan inducir a error a Iturzaeta Herri Eskola o a otros usuarios o terceros. El usuario ser\u00e1 el \u00fanico responsable de los perjuicios que cause mediante la comunicaci\u00f3n de dichos datos.<\/p>\r\n<p>\u00a0<\/p>\r\n<p>Queda prohibido el uso de datos personales de terceros sin su consentimiento, as\u00ed como el uso de datos identificativos de terceros con el \u00e1nimo de hacerse pasar por o fingir ser cualquier otra persona o entidad.<\/p>\r\n<p>\u00a0<\/p>\r\n<p>Iturzaeta Herri Eskola realiza los m\u00e1ximos esfuerzos para evitar errores en los contenidos que se publican en el sitio web, reserv\u00e1ndose la facultad de poder modificarlos en cualquier momento. Iturzaeta Herri Eskola declina expresamente cualquier responsabilidad por error u omisi\u00f3n en los contenidos de este sitio web y de los da\u00f1os y perjuicios que puedan deberse a la falta de veracidad, exactitud y actualidad de los mismos.<\/p>\r\n<p>\u00a0<\/p>\r\n<p><a href=\"https:\/\/web.archive.org\/web\/20190702123055\/\/\" target=\"_blank\" rel=\"noopener noreferrer\">www.iturzaeta.net<\/a> puede contener la opini\u00f3n y puntos de vista de otros usuarios. Teniendo en cuenta la naturaleza interactiva del sitio, Iturzaeta Herri Eskola no se hace responsable del incumplimiento de las normas por parte de los usuarios, de modo que no puede garantizar la certeza, eficacia o veracidad de cualquier contenido generado por los usuarios.<\/p>\r\n<p>\u00a0<\/p>\r\n<p>El sitio web puede ofrecer enlaces a otros sitios web o facilitar su acceso mediante un buscador ubicado en su sitio web. Iturzaeta Herri Eskola no asume ninguna responsabilidad en relaci\u00f3n con estos sitios enlazados, ni los resultados de las b\u00fasquedas, ya que no tiene ning\u00fan tipo de control sobre ellos, su contenido, productos y servicios ofrecidos, etc. La finalidad de estos servicios es informar al usuario de otras fuentes de informaci\u00f3n, por lo que el usuario accede bajo su exclusiva responsabilidad al contenido y en las condiciones de uso que rijan en los mismos.<\/p>\r\n<p>\u00a0<\/p>\r\n<p>Iturzaeta Herri Eskola no se responsabilizar\u00e1 de ninguna consecuencia, da\u00f1o o perjuicio que pudieran derivarse del uso de este sitio web o de sus contenidos, incluidos da\u00f1os inform\u00e1ticos y la introducci\u00f3n de virus o cualquier tipo de malware. Iturzaeta Herri Eskola no garantiza la ausencia de virus ni de otros elementos en el sitio web, introducidos por terceros ajenos, que puedan producir alteraciones en los sistemas f\u00edsicos o l\u00f3gicos de los usuarios, pero utiliza todos los medios a su alcance para que esto no suceda.<\/p>\r\n<p>\u00a0<\/p>\r\n<p>Iturzaeta Herri Eskola se reserva el derecho de modificar o borrar en cualquier momento, sin previo aviso y\/o justificaci\u00f3n, el dise\u00f1o, la configuraci\u00f3n y la informaci\u00f3n contenida en este sitio web, si as\u00ed lo estima oportuno. Iturzaeta Herri Eskola no se hace responsable de los perjuicios que estas modificaciones puedan causar. No obstante utilizar\u00e1 los recursos que tenga a su alcance para informar a los usuarios de dichas modificaciones.<\/p>\r\n<p>\u00a0<\/p>\r\n<p><span style=\"text-decoration: underline;\"><strong>2. Blogs<\/strong><\/span><\/p>\r\n<p>\u00a0<\/p>\r\n<p>El sitio web contiene un apartado denominado \u201cblogs\u201d donde los responsables del centro y dem\u00e1s usuarios invitados pueden publicar y comentar informaci\u00f3n de car\u00e1cter general o relacionada con el sector, que pueda resultar de inter\u00e9s para los usuarios. El contenido de estos blogs es meramente informativo y no constituye un asesoramiento personalizado. Para obtener un asesoramiento personalizado y adaptado a las necesidades del usuario el centro recomienda que visite personal cualificado.<\/p>\r\n<p>\u00a0<\/p>\r\n<p>Asimismo, puesto que en los blogs se admiten comentarios, Iturzaeta Herri Eskola no se responsabiliza de las opiniones vertidas por los mismos, y se reserva los derechos de borrar los comentarios ofensivos o denigrantes y bloquear e impedir los futuros comentarios provenientes de los autores de dichos comentarios.<\/p>\r\n<p>\u00a0<\/p>\r\n<p><span style=\"text-decoration: underline;\"><strong>3. Propiedad intelectual e industrial<\/strong><\/span><\/p>\r\n<p>\u00a0<\/p>\r\n<p>Los derechos de propiedad de este sitio web, de sus p\u00e1ginas, pantallas, la informaci\u00f3n que contienen, su apariencia y dise\u00f1o, fotograf\u00edas, im\u00e1genes, sus productos y servicios, marcas, logos, lemas, etc. son propiedad de Iturzaeta Herri Eskola, salvo que se especifique otra cosa.<\/p>\r\n<p>\u00a0<\/p>\r\n<p>En ning\u00fan caso el acceso o navegaci\u00f3n en el sitio web implica renuncia, transmisi\u00f3n o licencia total o parcial de Iturzaeta Herri Eskola para uso personal al usuario sobre sus derechos de propiedad intelectual e industrial. La reproducci\u00f3n, distribuci\u00f3n, comercializaci\u00f3n o transformaci\u00f3n no autorizadas de estas obras constituye una infracci\u00f3n de los derechos de propiedad intelectual de Iturzaeta Herri Eskola.<\/p>\r\n<p>\u00a0<\/p>\r\n<p>El usuario se compromete a no realizar ninguna acci\u00f3n que perjudique la titularidad de este sitio web. La utilizaci\u00f3n no autorizada de la informaci\u00f3n contenida en este sitio web, as\u00ed como los perjuicios ocasionados en los derechos de propiedad intelectual e industrial de sus titulares, pueden dar lugar al ejercicio de las acciones que legalmente correspondan y, si procede, a las responsabilidades que de dicho ejercicio se deriven.<\/p>\r\n<p>\u00a0<\/p>\r\n<p><span style=\"text-decoration: underline;\"><strong>4. Modificaciones<\/strong><\/span><\/p>\r\n<p>\u00a0<\/p>\r\n<p>Estas Condiciones podr\u00e1n sufrir modificaciones cuando Iturzaeta Herri Eskola lo considere oportuno, bien con la finalidad de adecuarse a los cambios legislativos, bien con el fin de llevar a cabo otro tipo de mejoras. Estas modificaciones ser\u00e1n v\u00e1lidas desde su publicaci\u00f3n en este sitio web. Iturzaeta Herri Eskola utilizar\u00e1 los medios a su alcance para dar a conocer a los usuarios del sitio web los cambios realizados.<\/p>\r\n<p>\u00a0<\/p>\r\n<p><span style=\"text-decoration: underline;\"><strong>5. Jurisdicci\u00f3n<\/strong><\/span><\/p>\r\n<p>\u00a0<\/p>\r\n<p>Las relaciones establecidas entre Iturzaeta Herri Eskola y el usuario se regir\u00e1n por lo dispuesto en la normativa vigente acerca de la legislaci\u00f3n aplicable y la jurisdicci\u00f3n competente. No obstante, para los casos en los que la normativa prevea la posibilidad a las partes de someterse a un fuero, Iturzaeta Herri Eskola y el usuario, con renuncia expresa a cualquier otro fuero que pudiera corresponderles, se someten a los Juzgados y Tribunales de Donostia \u2013 San Sebasti\u00e1n.<\/p>\r\n<p>\u00a0<\/p>\r\n<p>Iturzaeta Herri Eskola perseguir\u00e1 el incumplimiento de las anteriores condiciones as\u00ed como cualquier utilizaci\u00f3n indebida de los contenidos presentados en su sitio web ejerciendo todas las acciones civiles y penales que le puedan corresponder en derecho.<\/p>\r\n ","_et_gb_content_width":"","ngg_post_thumbnail":0,"footnotes":""},"class_list":["post-22870","page","type-page","status-publish","hentry"],"_links":{"self":[{"href":"https:\/\/iturzaeta.eus\/es\/wp-json\/wp\/v2\/pages\/22870","targetHints":{"allow":["GET"]}}],"collection":[{"href":"https:\/\/iturzaeta.eus\/es\/wp-json\/wp\/v2\/pages"}],"about":[{"href":"https:\/\/iturzaeta.eus\/es\/wp-json\/wp\/v2\/types\/page"}],"author":[{"embeddable":true,"href":"https:\/\/iturzaeta.eus\/es\/wp-json\/wp\/v2\/users\/1"}],"replies":[{"embeddable":true,"href":"https:\/\/iturzaeta.eus\/es\/wp-json\/wp\/v2\/comments?post=22870"}],"version-history":[{"count":4,"href":"https:\/\/iturzaeta.eus\/es\/wp-json\/wp\/v2\/pages\/22870\/revisions"}],"predecessor-version":[{"id":22874,"href":"https:\/\/iturzaeta.eus\/es\/wp-json\/wp\/v2\/pages\/22870\/revisions\/22874"}],"wp:attachment":[{"href":"https:\/\/iturzaeta.eus\/es\/wp-json\/wp\/v2\/media?parent=22870"}],"curies":[{"name":"wp","href":"https:\/\/api.w.org\/{rel}","templated":true}]}}