{"id":582,"date":"2015-09-30T16:51:35","date_gmt":"2015-09-30T14:51:35","guid":{"rendered":"https:\/\/iturzaeta.eus\/eskolakirola\/?page_id=582"},"modified":"2020-11-13T10:55:28","modified_gmt":"2020-11-13T09:55:28","slug":"eskola-ordutegiko-kirol-ekintzak","status":"publish","type":"page","link":"https:\/\/iturzaeta.eus\/eskolakirola\/2014-2015-ikasturtea\/eskola-ordutegiko-kirol-ekintzak\/","title":{"rendered":"Eskola Ordutegiko Kirol Ekintzak 2014-15"},"content":{"rendered":"<h3><span style=\"color: #0000ff\">IGERIKETA 2014-15<br \/> <\/span><\/h3>\n<p><a href=\"https:\/\/iturzaeta.eus\/eskolakirola\/wp-content\/uploads\/sites\/12\/2014\/11\/IGERIKETA-KANPAINA-2014-15-LH-1-2-abisua-EUSKERAZ1.pdf\" rel=\"\">IGERIKETA KANPAINA 2014-15 LH 1-2 abisua EUSKERAZ<\/a><\/p>\n<p><a href=\"https:\/\/iturzaeta.eus\/eskolakirola\/wp-content\/uploads\/sites\/12\/2014\/11\/CAMPA\u00d1A-NATACION-2014-15-1-2-CURSO-AVISO-BILING\u00dcE1.pdf\" rel=\"\">CAMPA\u00d1A NATACION 2014-15 1-2 CURSO AVISO-BILING\u00dcE<\/a><\/p>\n<p>&#8212;<\/p>\n<p><a href=\"https:\/\/iturzaeta.eus\/eskolakirola\/wp-content\/uploads\/sites\/12\/2014\/11\/IGERIKETA-IKASTAROA-2014-15-LH-3-4-abisua-EUSKERAZ.pdf\" rel=\"\">IGERIKETA IKASTAROA 2014-15 LH 3-4 abisua EUSKERAZ<\/a><\/p>\n<p><a href=\"https:\/\/iturzaeta.eus\/eskolakirola\/wp-content\/uploads\/sites\/12\/2014\/11\/CAMPA\u00d1A-NATACION-2014-15-3-4-CURSO-AVISO-BILING\u00dcE.pdf\" rel=\"\">CAMPA\u00d1A NATACION 2014-15 3-4 CURSO AVISO-BILING\u00dcE<\/a><\/p>\n<p>&nbsp;<\/p>\n<p>&nbsp;<\/p>\n<p>&nbsp;<\/p>\n<p>&nbsp;<\/p>\n<h3>\u00a0<\/h3>\n<p>&nbsp;<\/p>\n<h3><span style=\"color: #0000ff;font-family: arial,helvetica,sans-serif\">PIRAGUISMOA 14-15<br \/> <\/span><\/h3>\n<p><strong>EKAINAREN 1etik EKAINAREN 5era.<\/strong><\/p>\n<table width=\"635\">\n<tbody>\n<tr>\n<td width=\"222\">\n<p><strong>14:45 \u2013 15:45<\/strong><\/p>\n<\/td>\n<td width=\"206\">\n<p><strong>GETARIAN<br \/> <\/strong><\/p>\n<\/td>\n<td width=\"206\">\n<p><strong> TALDE BAT<\/strong><\/p>\n<p><strong>(3.Zikloa- LHko 5. maila)<\/strong><\/p>\n<\/td>\n<\/tr>\n<\/tbody>\n<\/table>\n<p><a href=\"https:\/\/iturzaeta.eus\/eskolakirola\/wp-content\/uploads\/sites\/12\/2014\/11\/PIRAGUISMO-ikasleentzako-abisua-2014-15.pdf\">PIRAGUISMO-ikasleentzako abisua 2014-15 EUSKERAZ &#8211; ESPA\u00d1OL Egin klik hemen<\/a><\/p>\n<p><a href=\"https:\/\/iturzaeta.eus\/eskolakirola\/wp-content\/uploads\/sites\/12\/2014\/11\/Gurasaen-baimena-PIRAGUISMOA-14-15.pdf\">Gurasoen baimena PIRAGUISMOA 14-15<\/a> <a href=\"https:\/\/iturzaeta.eus\/eskolakirola\/wp-content\/uploads\/sites\/12\/2014\/11\/PIRAGUISMO-ikasleentzako-abisua-2014-15.pdf\">EUSKERAZ &#8211; ESPA\u00d1OL<\/a> <a href=\"https:\/\/iturzaeta.eus\/eskolakirola\/wp-content\/uploads\/sites\/12\/2014\/11\/PIRAGUISMO-ikasleentzako-abisua-2014-15.pdf\">Egin klik hemen<\/a><\/p>\n<p>&nbsp;<\/p>\n<h3><span style=\"color: #0000ff\">BELA 14-15<br \/> <\/span><\/h3>\n<p><strong>EKAINAREN 1etik EKAINAREN 4era.<\/strong><\/p>\n<table width=\"635\">\n<tbody>\n<tr>\n<td width=\"222\">\n<p><strong>09:15 \u2013 12:30<\/strong><\/p>\n<p><strong>14:15 \u2013 16:30<\/strong><\/p>\n<\/td>\n<td width=\"206\">\n<p><strong>GETARIAKO KIROL PORTUA<br \/> <\/strong><\/p>\n<\/td>\n<td width=\"206\">\n<p><strong>2 TALDE <\/strong><\/p>\n<p><strong>(3.Zikloa- LHko 6. maila)( * )<\/strong><\/p>\n<\/td>\n<\/tr>\n<\/tbody>\n<\/table>\n<p><strong>( * ) <\/strong>TALDE BAKOITZAK 2 EGUN GOIZEZ ETA 2 EGUN ARRATSALDEZ<\/p>\n<p><a href=\"https:\/\/iturzaeta.eus\/eskolakirola\/wp-content\/uploads\/sites\/12\/2014\/11\/BELA-Ikaslei-abisua-14-15-.pdf\">BELA Ikaslei abisua 14-15<\/a> <a href=\"https:\/\/iturzaeta.eus\/eskolakirola\/wp-content\/uploads\/sites\/12\/2014\/11\/PIRAGUISMO-ikasleentzako-abisua-2014-15.pdf\">EUSKERAZ &#8211; ESPA\u00d1OL Egin klik hemen<\/a><\/p>\n<p><a href=\"https:\/\/iturzaeta.eus\/eskolakirola\/wp-content\/uploads\/sites\/12\/2014\/11\/Gurasaen-baimena-BELA-14-15.pdf\">Gurasoen baimena BELA 14-15<\/a> <a href=\"https:\/\/iturzaeta.eus\/eskolakirola\/wp-content\/uploads\/sites\/12\/2014\/11\/PIRAGUISMO-ikasleentzako-abisua-2014-15.pdf\">EUSKERAZ &#8211; ESPA\u00d1OL Egin klik hemen<\/a><strong><br \/> <\/strong><\/p>\n<p>&nbsp;<\/p>\n<p><span style=\"color: #0000ff;font-size: 18pt\">IZOTZ GAINEKO IRRISTAKETA &#8211; Txuri-Urdin 14-15<br \/> <\/span><\/p>\n<p><a href=\"https:\/\/iturzaeta.eus\/eskolakirola\/wp-content\/uploads\/sites\/12\/2014\/11\/EITB-y-TXURI-URDIN-3er-ciclo-en-espa\u00f1ol-aviso-2014-15.pdf\">EITB y TXURI-URDIN 3er ciclo &#8211; en espa\u00f1ol -aviso- 2014-15 HAZ CLIC AQUI<\/a><\/p>\n<p><a href=\"https:\/\/iturzaeta.eus\/eskolakirola\/wp-content\/uploads\/sites\/12\/2014\/11\/EITB-eta-TXURI-URDIN-3-zikloa-euskeraz-abisua-ikasleei-2014-15.pdf\">EITB eta TXURI-URDIN 3 zikloa -euskeraz- abisua ikasleei 2014-15 EGIN KLIK HEMEN<\/a><\/p>\n","protected":false},"excerpt":{"rendered":"<p>IGERIKETA 2014-15 IGERIKETA KANPAINA 2014-15 LH 1-2 abisua EUSKERAZ CAMPA\u00d1A NATACION 2014-15 1-2 CURSO AVISO-BILING\u00dcE &#8212; IGERIKETA IKASTAROA 2014-15 LH 3-4 abisua EUSKERAZ CAMPA\u00d1A NATACION 2014-15 3-4 CURSO AVISO-BILING\u00dcE &nbsp; &nbsp; &nbsp; &nbsp; \u00a0 &nbsp; PIRAGUISMOA 14-15 EKAINAREN 1etik EKAINAREN&hellip; <\/p>\n","protected":false},"author":12,"featured_media":0,"parent":569,"menu_order":4,"comment_status":"closed","ping_status":"closed","template":"","meta":{"ngg_post_thumbnail":0,"footnotes":""},"class_list":["post-582","page","type-page","status-publish","hentry"],"_links":{"self":[{"href":"https:\/\/iturzaeta.eus\/eskolakirola\/wp-json\/wp\/v2\/pages\/582","targetHints":{"allow":["GET"]}}],"collection":[{"href":"https:\/\/iturzaeta.eus\/eskolakirola\/wp-json\/wp\/v2\/pages"}],"about":[{"href":"https:\/\/iturzaeta.eus\/eskolakirola\/wp-json\/wp\/v2\/types\/page"}],"author":[{"embeddable":true,"href":"https:\/\/iturzaeta.eus\/eskolakirola\/wp-json\/wp\/v2\/users\/12"}],"replies":[{"embeddable":true,"href":"https:\/\/iturzaeta.eus\/eskolakirola\/wp-json\/wp\/v2\/comments?post=582"}],"version-history":[{"count":1,"href":"https:\/\/iturzaeta.eus\/eskolakirola\/wp-json\/wp\/v2\/pages\/582\/revisions"}],"predecessor-version":[{"id":1625,"href":"https:\/\/iturzaeta.eus\/eskolakirola\/wp-json\/wp\/v2\/pages\/582\/revisions\/1625"}],"up":[{"embeddable":true,"href":"https:\/\/iturzaeta.eus\/eskolakirola\/wp-json\/wp\/v2\/pages\/569"}],"wp:attachment":[{"href":"https:\/\/iturzaeta.eus\/eskolakirola\/wp-json\/wp\/v2\/media?parent=582"}],"curies":[{"name":"wp","href":"https:\/\/api.w.org\/{rel}","templated":true}]}}