{"id":834,"date":"2016-11-09T23:58:07","date_gmt":"2016-11-09T22:58:07","guid":{"rendered":"https:\/\/iturzaeta.eus\/eskolakirola\/?page_id=834"},"modified":"2020-11-13T11:04:05","modified_gmt":"2020-11-13T10:04:05","slug":"eskola-ordutegiko-kirol-ekintzak-2016-17","status":"publish","type":"page","link":"https:\/\/iturzaeta.eus\/eskolakirola\/2014-2015-ikasturtea-2\/eskola-ordutegiko-kirol-ekintzak-2016-17\/","title":{"rendered":"Eskola Ordutegiko Kirol Ekintzak 2016-17"},"content":{"rendered":"\n<p><a href=\"https:\/\/iturzaeta.eus\/eskolakirola\/wp-content\/uploads\/sites\/12\/2016\/11\/IGERIKETA-KANPAINA-2016-17-LH-1-2-abisua-EUSKERAZ.pdf\">IGERIKETA KANPAINA 2016-17 LH 1-2 abisua EUSKERAZ &nbsp; &nbsp;<strong> Egin klik hemen<\/strong> <\/a><\/p>\n<p><a href=\"https:\/\/iturzaeta.eus\/eskolakirola\/wp-content\/uploads\/sites\/12\/2016\/11\/CAMPA\u00d1A-NATACION-2016-17-1-2-CURSO-AVISO-BILING\u00dcE.pdf\">CAMPA\u00d1A NATACION 2016-17 1-2 CURSO AVISO-BILING\u00dcE<\/a>&nbsp;&nbsp;&nbsp;&nbsp; Haz clic aqu\u00ed<\/p>\n<p><a href=\"https:\/\/iturzaeta.eus\/eskolakirola\/wp-content\/uploads\/sites\/12\/2016\/11\/IGERIKETA-KANPAINA-2016-17-LH-1-2-abisua-EUSKERAZ.pdf\">&nbsp; &nbsp;&nbsp; &nbsp;&nbsp;&nbsp; &nbsp; <\/a><\/p>\n<p>&nbsp;<\/p>\n<p>&nbsp;<\/p>\n","protected":false},"excerpt":{"rendered":"<p>IGERIKETA KANPAINA 2016-17 LH 1-2 abisua EUSKERAZ &nbsp; &nbsp; Egin klik hemen CAMPA\u00d1A NATACION 2016-17 1-2 CURSO AVISO-BILING\u00dcE&nbsp;&nbsp;&nbsp;&nbsp; Haz clic aqu\u00ed &nbsp; &nbsp;&nbsp; &nbsp;&nbsp;&nbsp; &nbsp; &nbsp; &nbsp;<\/p>\n","protected":false},"author":12,"featured_media":0,"parent":974,"menu_order":2,"comment_status":"closed","ping_status":"closed","template":"","meta":{"ngg_post_thumbnail":0,"footnotes":""},"class_list":["post-834","page","type-page","status-publish","hentry"],"_links":{"self":[{"href":"https:\/\/iturzaeta.eus\/eskolakirola\/wp-json\/wp\/v2\/pages\/834","targetHints":{"allow":["GET"]}}],"collection":[{"href":"https:\/\/iturzaeta.eus\/eskolakirola\/wp-json\/wp\/v2\/pages"}],"about":[{"href":"https:\/\/iturzaeta.eus\/eskolakirola\/wp-json\/wp\/v2\/types\/page"}],"author":[{"embeddable":true,"href":"https:\/\/iturzaeta.eus\/eskolakirola\/wp-json\/wp\/v2\/users\/12"}],"replies":[{"embeddable":true,"href":"https:\/\/iturzaeta.eus\/eskolakirola\/wp-json\/wp\/v2\/comments?post=834"}],"version-history":[{"count":1,"href":"https:\/\/iturzaeta.eus\/eskolakirola\/wp-json\/wp\/v2\/pages\/834\/revisions"}],"predecessor-version":[{"id":1627,"href":"https:\/\/iturzaeta.eus\/eskolakirola\/wp-json\/wp\/v2\/pages\/834\/revisions\/1627"}],"up":[{"embeddable":true,"href":"https:\/\/iturzaeta.eus\/eskolakirola\/wp-json\/wp\/v2\/pages\/974"}],"wp:attachment":[{"href":"https:\/\/iturzaeta.eus\/eskolakirola\/wp-json\/wp\/v2\/media?parent=834"}],"curies":[{"name":"wp","href":"https:\/\/api.w.org\/{rel}","templated":true}]}}